{"id":367,"date":"2021-05-17T13:28:20","date_gmt":"2021-05-17T13:28:20","guid":{"rendered":"https:\/\/linijos.lt\/works\/agri\/?page_id=367"},"modified":"2025-01-16T12:37:28","modified_gmt":"2025-01-16T09:37:28","slug":"about","status":"publish","type":"page","link":"https:\/\/www.agrifood.lt\/en\/about\/","title":{"rendered":"About Us"},"content":{"rendered":"<p>[vc_row row_height_percent=&#8221;0&#8243; overlay_alpha=&#8221;50&#8243; gutter_size=&#8221;3&#8243; column_width_percent=&#8221;100&#8243; shift_y=&#8221;0&#8243; z_index=&#8221;0&#8243;][vc_column width=&#8221;1\/1&#8243;][vc_row_inner][vc_column_inner width=&#8221;1\/2&#8243;][vc_single_image media=&#8221;1310&#8243; media_width_percent=&#8221;100&#8243; shape=&#8221;img-round&#8221; radius=&#8221;std&#8221; shadow=&#8221;yes&#8221; shadow_weight=&#8221;sm&#8221;][\/vc_column_inner][vc_column_inner column_width_percent=&#8221;100&#8243; position_vertical=&#8221;middle&#8221; gutter_size=&#8221;3&#8243; overlay_alpha=&#8221;50&#8243; shift_x=&#8221;0&#8243; shift_y=&#8221;0&#8243; shift_y_down=&#8221;0&#8243; z_index=&#8221;0&#8243; medium_width=&#8221;0&#8243; mobile_width=&#8221;0&#8243; width=&#8221;1\/2&#8243;][vc_custom_heading text_color=&#8221;color-826553&#8243; uncode_shortcode_id=&#8221;199484&#8243; text_color_type=&#8221;uncode-palette&#8221;]We are AgriFood Lithuania![\/vc_custom_heading][vc_column_text uncode_shortcode_id=&#8221;617695&#8243;]AgriFood Lithuania is a Digital Innovation Hub and Cluster that brings together major research, business and public stakeholders in Lithuania for the common pursuit of digital transformations in the agriculture, food and associated sectors.<\/p>\n<p>The AgriFood Lithuania links stakeholders with international and cross-sector initiatives to provide all-round support in the research, development and deployment of AgriFood Tech innovations.<\/p>\n<p>AgriFood Lithuania is a member of the Lithuanian clusters network (KlasterLT), the European Cluster Collaboration Platform, European Clusters Alliance, Smart Sensors 4 AgriFood. Together with a consortium of partners under the &#8220;ESIC.LT&#8221; initiative has been confirmed as a European Digital Innovation Hub in Lithuania.<span class=\"Apple-converted-space\"> From 2021 March AgriFood Lithuania DIH is EIT Food Hub in Lithuania.<\/span><\/p>\n<p>With Cluster mapping, you can discover a wide range of partners within the EU or worldwide from different countries, regions, sectors, or industrial ecosystems.[\/vc_column_text][uncode_socials][\/vc_column_inner][\/vc_row_inner][\/vc_column][\/vc_row][vc_row][vc_column width=&#8221;1\/1&#8243;][uncode_block id=&#8221;375&#8243;][\/vc_column][\/vc_row][vc_row row_height_percent=&#8221;0&#8243; override_padding=&#8221;yes&#8221; h_padding=&#8221;2&#8243; top_padding=&#8221;4&#8243; bottom_padding=&#8221;4&#8243; overlay_alpha=&#8221;50&#8243; gutter_size=&#8221;3&#8243; column_width_percent=&#8221;100&#8243; shift_y=&#8221;0&#8243; z_index=&#8221;0&#8243;][vc_column column_width_percent=&#8221;100&#8243; gutter_size=&#8221;1&#8243; overlay_alpha=&#8221;50&#8243; shift_x=&#8221;0&#8243; shift_y=&#8221;0&#8243; shift_y_down=&#8221;0&#8243; z_index=&#8221;0&#8243; medium_width=&#8221;0&#8243; mobile_width=&#8221;0&#8243; width=&#8221;1\/1&#8243;][vc_custom_heading text_color=&#8221;color-826553&#8243; uncode_shortcode_id=&#8221;639221&#8243; text_color_type=&#8221;uncode-palette&#8221;]We are the Dream Team of AgriFood Lithuania Administration[\/vc_custom_heading][vc_column_text]Our team aims to create a smarter, more sustainable, more efficient and greener AgriFood sector![\/vc_column_text][vc_empty_space empty_h=&#8221;1&#8243;][vc_row_inner][vc_column_inner column_width_percent=&#8221;100&#8243; gutter_size=&#8221;2&#8243; overlay_alpha=&#8221;50&#8243; shift_x=&#8221;0&#8243; shift_y=&#8221;0&#8243; shift_y_down=&#8221;0&#8243; z_index=&#8221;0&#8243; medium_width=&#8221;0&#8243; mobile_width=&#8221;0&#8243; width=&#8221;1\/4&#8243;][vc_single_image media=&#8221;724&#8243; media_width_percent=&#8221;100&#8243; media_ratio=&#8221;one-one&#8221;][vc_custom_heading text_color=&#8221;color-826553&#8243; text_size=&#8221;h3&#8243;]Kristina \u0160ermuk\u0161nyt\u0117 &#8211; Ale\u0161i\u016bnien\u0117[\/vc_custom_heading][vc_custom_heading text_color=&#8221;accent&#8221; text_size=&#8221;h6&#8243; text_weight=&#8221;700&#8243; text_transform=&#8221;uppercase&#8221; text_space=&#8221;fontspace-620903&#8243; uncode_shortcode_id=&#8221;115046&#8243; text_color_type=&#8221;uncode-palette&#8221;]Director at<br \/>\nAgriFood Lithuania DIH[\/vc_custom_heading][vc_column_text uncode_shortcode_id=&#8221;190834&#8243;]Cell: +370 650 22269<br \/>\nE-mail:\u00a0<a href=\"mailto:kristina@agrifood.lt\">kristina@agrifood.lt<\/a>[\/vc_column_text][\/vc_column_inner][vc_column_inner column_width_percent=&#8221;100&#8243; gutter_size=&#8221;2&#8243; overlay_alpha=&#8221;50&#8243; shift_x=&#8221;0&#8243; shift_y=&#8221;0&#8243; shift_y_down=&#8221;0&#8243; z_index=&#8221;0&#8243; medium_width=&#8221;0&#8243; mobile_width=&#8221;0&#8243; width=&#8221;1\/4&#8243;][vc_single_image media=&#8221;7557&#8243; media_width_percent=&#8221;100&#8243; media_ratio=&#8221;one-one&#8221; uncode_shortcode_id=&#8221;213449&#8243;][vc_custom_heading text_color=&#8221;color-826553&#8243; text_size=&#8221;h3&#8243;]Edita<br \/>\nKarvelien\u0117[\/vc_custom_heading][vc_custom_heading text_color=&#8221;accent&#8221; text_size=&#8221;h6&#8243; text_weight=&#8221;700&#8243; text_transform=&#8221;uppercase&#8221; text_space=&#8221;fontspace-620903&#8243; uncode_shortcode_id=&#8221;214560&#8243; text_color_type=&#8221;uncode-palette&#8221;]Executive Director at<br \/>\nAgriFood Lithuania DIH[\/vc_custom_heading][vc_column_text uncode_shortcode_id=&#8221;191809&#8243;]Cell: +370\u00a0677 80507<br \/>\nE-mail:\u00a0<a href=\"mailto:edita@agrifood.lt\">edita@agrifood.lt<\/a>[\/vc_column_text][\/vc_column_inner][vc_column_inner column_width_percent=&#8221;100&#8243; gutter_size=&#8221;2&#8243; overlay_alpha=&#8221;50&#8243; shift_x=&#8221;0&#8243; shift_y=&#8221;0&#8243; shift_y_down=&#8221;0&#8243; z_index=&#8221;0&#8243; medium_width=&#8221;0&#8243; mobile_width=&#8221;0&#8243; width=&#8221;1\/4&#8243;][vc_single_image media=&#8221;1337&#8243; media_width_percent=&#8221;100&#8243; media_ratio=&#8221;one-one&#8221;][vc_custom_heading text_color=&#8221;color-826553&#8243; text_size=&#8221;h3&#8243;]Maybe it<br \/>\ncould be You?[\/vc_custom_heading][vc_custom_heading text_color=&#8221;accent&#8221; text_size=&#8221;h6&#8243; text_weight=&#8221;700&#8243; text_transform=&#8221;uppercase&#8221; text_space=&#8221;fontspace-620903&#8243;]Write Us<br \/>\nfor open positions[\/vc_custom_heading][vc_column_text uncode_shortcode_id=&#8221;189918&#8243;]E-mail:\u00a0<a href=\"mailto:info@agrifood.lt\">info@agrifood.lt<\/a>[\/vc_column_text][\/vc_column_inner][\/vc_row_inner][\/vc_column][\/vc_row][vc_row][vc_column width=&#8221;1\/1&#8243;][uncode_block id=&#8221;590&#8243;][\/vc_column][\/vc_row][vc_row][vc_column width=&#8221;1\/1&#8243;][uncode_block id=&#8221;593&#8243;][\/vc_column][\/vc_row]<\/p>\n","protected":false},"excerpt":{"rendered":"<p>[vc_row row_height_percent=&#8221;0&#8243; overlay_alpha=&#8221;50&#8243; gutter_size=&#8221;3&#8243; column_width_percent=&#8221;100&#8243; shift_y=&#8221;0&#8243; z_index=&#8221;0&#8243;][vc_column width=&#8221;1\/1&#8243;][vc_row_inner][vc_column_inner width=&#8221;1\/2&#8243;][vc_single_image media=&#8221;1310&#8243; media_width_percent=&#8221;100&#8243; shape=&#8221;img-round&#8221; radius=&#8221;std&#8221; shadow=&#8221;yes&#8221; shadow_weight=&#8221;sm&#8221;][\/vc_column_inner][vc_column_inner column_width_percent=&#8221;100&#8243; position_vertical=&#8221;middle&#8221; gutter_size=&#8221;3&#8243; overlay_alpha=&#8221;50&#8243; shift_x=&#8221;0&#8243; [&hellip;]<\/p>\n","protected":false},"author":1,"featured_media":1310,"parent":0,"menu_order":0,"comment_status":"closed","ping_status":"closed","template":"","meta":[],"yoast_head":"<!-- This site is optimized with the Yoast SEO plugin v17.2.1 - https:\/\/yoast.com\/wordpress\/plugins\/seo\/ -->\n<title>About Us - AgriFood Lithuania DIH<\/title>\n<meta name=\"description\" content=\"AgriFood Lithuania is a Digital Innovation Hub that brings together major research, business and public stakeholders in Lithuania.\" \/>\n<meta name=\"robots\" content=\"index, follow, max-snippet:-1, max-image-preview:large, max-video-preview:-1\" \/>\n<link rel=\"canonical\" href=\"https:\/\/www.agrifood.lt\/en\/about\/\" \/>\n<meta property=\"og:locale\" content=\"en_US\" \/>\n<meta property=\"og:type\" content=\"article\" \/>\n<meta property=\"og:title\" content=\"About AgriFood Lithuania DIH\" \/>\n<meta property=\"og:description\" content=\"AgriFood Lithuania is a Digital Innovation Hub that brings together major research, business and public stakeholders in Lithuania for the common pursuit of digital transformations in the agriculture, food and associated sectors.\" \/>\n<meta property=\"og:url\" content=\"https:\/\/www.agrifood.lt\/en\/about\/\" \/>\n<meta property=\"og:site_name\" content=\"AgriFood Lithuania DIH\" \/>\n<meta property=\"article:modified_time\" content=\"2025-01-16T09:37:28+00:00\" \/>\n<meta property=\"og:image\" content=\"https:\/\/www.agrifood.lt\/wp-content\/uploads\/2021\/07\/shutterstock_382444252.jpg\" \/>\n\t<meta property=\"og:image:width\" content=\"1000\" \/>\n\t<meta property=\"og:image:height\" content=\"667\" \/>\n<meta name=\"twitter:card\" content=\"summary_large_image\" \/>\n<meta name=\"twitter:title\" content=\"About AgriFood Lithuania DIH\" \/>\n<meta name=\"twitter:description\" content=\"AgriFood Lithuania is a Digital Innovation Hub that brings together major research, business and public stakeholders in Lithuania for the common pursuit of digital transformations in the agriculture, food and associated sectors.\" \/>\n<meta name=\"twitter:image\" content=\"https:\/\/www.agrifood.lt\/wp-content\/uploads\/2021\/07\/shutterstock_382444252.jpg\" \/>\n<meta name=\"twitter:label1\" content=\"Est. reading time\" \/>\n\t<meta name=\"twitter:data1\" content=\"2 minutes\" \/>\n<script type=\"application\/ld+json\" class=\"yoast-schema-graph\">{\"@context\":\"https:\/\/schema.org\",\"@graph\":[{\"@type\":\"WebSite\",\"@id\":\"https:\/\/www.agrifood.lt\/#website\",\"url\":\"https:\/\/www.agrifood.lt\/\",\"name\":\"AgriFood Lithuania DIH\",\"description\":\"The Future of Smart Agriculture is Now\",\"potentialAction\":[{\"@type\":\"SearchAction\",\"target\":{\"@type\":\"EntryPoint\",\"urlTemplate\":\"https:\/\/www.agrifood.lt\/?s={search_term_string}\"},\"query-input\":\"required name=search_term_string\"}],\"inLanguage\":\"en-US\"},{\"@type\":\"ImageObject\",\"@id\":\"https:\/\/www.agrifood.lt\/en\/about\/#primaryimage\",\"inLanguage\":\"en-US\",\"url\":\"https:\/\/www.agrifood.lt\/wp-content\/uploads\/2021\/07\/shutterstock_382444252.jpg\",\"contentUrl\":\"https:\/\/www.agrifood.lt\/wp-content\/uploads\/2021\/07\/shutterstock_382444252.jpg\",\"width\":1000,\"height\":667,\"caption\":\"Green crop in modern greenhouse\"},{\"@type\":\"WebPage\",\"@id\":\"https:\/\/www.agrifood.lt\/en\/about\/#webpage\",\"url\":\"https:\/\/www.agrifood.lt\/en\/about\/\",\"name\":\"About Us - AgriFood Lithuania DIH\",\"isPartOf\":{\"@id\":\"https:\/\/www.agrifood.lt\/#website\"},\"primaryImageOfPage\":{\"@id\":\"https:\/\/www.agrifood.lt\/en\/about\/#primaryimage\"},\"datePublished\":\"2021-05-17T13:28:20+00:00\",\"dateModified\":\"2025-01-16T09:37:28+00:00\",\"description\":\"AgriFood Lithuania is a Digital Innovation Hub that brings together major research, business and public stakeholders in Lithuania.\",\"breadcrumb\":{\"@id\":\"https:\/\/www.agrifood.lt\/en\/about\/#breadcrumb\"},\"inLanguage\":\"en-US\",\"potentialAction\":[{\"@type\":\"ReadAction\",\"target\":[\"https:\/\/www.agrifood.lt\/en\/about\/\"]}]},{\"@type\":\"BreadcrumbList\",\"@id\":\"https:\/\/www.agrifood.lt\/en\/about\/#breadcrumb\",\"itemListElement\":[{\"@type\":\"ListItem\",\"position\":1,\"name\":\"Home\",\"item\":\"https:\/\/www.agrifood.lt\/en\/\"},{\"@type\":\"ListItem\",\"position\":2,\"name\":\"About Us\"}]}]}<\/script>\n<!-- \/ Yoast SEO plugin. -->","yoast_head_json":{"title":"About Us - AgriFood Lithuania DIH","description":"AgriFood Lithuania is a Digital Innovation Hub that brings together major research, business and public stakeholders in Lithuania.","robots":{"index":"index","follow":"follow","max-snippet":"max-snippet:-1","max-image-preview":"max-image-preview:large","max-video-preview":"max-video-preview:-1"},"canonical":"https:\/\/www.agrifood.lt\/en\/about\/","og_locale":"en_US","og_type":"article","og_title":"About AgriFood Lithuania DIH","og_description":"AgriFood Lithuania is a Digital Innovation Hub that brings together major research, business and public stakeholders in Lithuania for the common pursuit of digital transformations in the agriculture, food and associated sectors.","og_url":"https:\/\/www.agrifood.lt\/en\/about\/","og_site_name":"AgriFood Lithuania DIH","article_modified_time":"2025-01-16T09:37:28+00:00","og_image":[{"width":1000,"height":667,"url":"https:\/\/www.agrifood.lt\/wp-content\/uploads\/2021\/07\/shutterstock_382444252.jpg","path":"\/var\/www\/agrifood\/wp-content\/uploads\/2021\/07\/shutterstock_382444252.jpg","size":"full","id":"1310","alt":"","pixels":667000,"type":"image\/jpeg"}],"twitter_card":"summary_large_image","twitter_title":"About AgriFood Lithuania DIH","twitter_description":"AgriFood Lithuania is a Digital Innovation Hub that brings together major research, business and public stakeholders in Lithuania for the common pursuit of digital transformations in the agriculture, food and associated sectors.","twitter_image":"https:\/\/www.agrifood.lt\/wp-content\/uploads\/2021\/07\/shutterstock_382444252.jpg","twitter_misc":{"Est. reading time":"2 minutes"},"schema":{"@context":"https:\/\/schema.org","@graph":[{"@type":"WebSite","@id":"https:\/\/www.agrifood.lt\/#website","url":"https:\/\/www.agrifood.lt\/","name":"AgriFood Lithuania DIH","description":"The Future of Smart Agriculture is Now","potentialAction":[{"@type":"SearchAction","target":{"@type":"EntryPoint","urlTemplate":"https:\/\/www.agrifood.lt\/?s={search_term_string}"},"query-input":"required name=search_term_string"}],"inLanguage":"en-US"},{"@type":"ImageObject","@id":"https:\/\/www.agrifood.lt\/en\/about\/#primaryimage","inLanguage":"en-US","url":"https:\/\/www.agrifood.lt\/wp-content\/uploads\/2021\/07\/shutterstock_382444252.jpg","contentUrl":"https:\/\/www.agrifood.lt\/wp-content\/uploads\/2021\/07\/shutterstock_382444252.jpg","width":1000,"height":667,"caption":"Green crop in modern greenhouse"},{"@type":"WebPage","@id":"https:\/\/www.agrifood.lt\/en\/about\/#webpage","url":"https:\/\/www.agrifood.lt\/en\/about\/","name":"About Us - AgriFood Lithuania DIH","isPartOf":{"@id":"https:\/\/www.agrifood.lt\/#website"},"primaryImageOfPage":{"@id":"https:\/\/www.agrifood.lt\/en\/about\/#primaryimage"},"datePublished":"2021-05-17T13:28:20+00:00","dateModified":"2025-01-16T09:37:28+00:00","description":"AgriFood Lithuania is a Digital Innovation Hub that brings together major research, business and public stakeholders in Lithuania.","breadcrumb":{"@id":"https:\/\/www.agrifood.lt\/en\/about\/#breadcrumb"},"inLanguage":"en-US","potentialAction":[{"@type":"ReadAction","target":["https:\/\/www.agrifood.lt\/en\/about\/"]}]},{"@type":"BreadcrumbList","@id":"https:\/\/www.agrifood.lt\/en\/about\/#breadcrumb","itemListElement":[{"@type":"ListItem","position":1,"name":"Home","item":"https:\/\/www.agrifood.lt\/en\/"},{"@type":"ListItem","position":2,"name":"About Us"}]}]}},"_links":{"self":[{"href":"https:\/\/www.agrifood.lt\/en\/wp-json\/wp\/v2\/pages\/367"}],"collection":[{"href":"https:\/\/www.agrifood.lt\/en\/wp-json\/wp\/v2\/pages"}],"about":[{"href":"https:\/\/www.agrifood.lt\/en\/wp-json\/wp\/v2\/types\/page"}],"author":[{"embeddable":true,"href":"https:\/\/www.agrifood.lt\/en\/wp-json\/wp\/v2\/users\/1"}],"replies":[{"embeddable":true,"href":"https:\/\/www.agrifood.lt\/en\/wp-json\/wp\/v2\/comments?post=367"}],"version-history":[{"count":55,"href":"https:\/\/www.agrifood.lt\/en\/wp-json\/wp\/v2\/pages\/367\/revisions"}],"predecessor-version":[{"id":8045,"href":"https:\/\/www.agrifood.lt\/en\/wp-json\/wp\/v2\/pages\/367\/revisions\/8045"}],"wp:featuredmedia":[{"embeddable":true,"href":"https:\/\/www.agrifood.lt\/en\/wp-json\/wp\/v2\/media\/1310"}],"wp:attachment":[{"href":"https:\/\/www.agrifood.lt\/en\/wp-json\/wp\/v2\/media?parent=367"}],"curies":[{"name":"wp","href":"https:\/\/api.w.org\/{rel}","templated":true}]}}